{"id":2334,"date":"2021-04-07T16:51:13","date_gmt":"2021-04-07T14:51:13","guid":{"rendered":"https:\/\/www.forum-systemaufstellungen.at\/veranstaltungen\/?page_id=2334"},"modified":"2026-03-18T11:27:54","modified_gmt":"2026-03-18T10:27:54","slug":"teilnahme-stornobedingungen","status":"publish","type":"page","link":"https:\/\/www.forum-systemaufstellungen.at\/veranstaltungen\/teilnahme-stornobedingungen\/","title":{"rendered":"TEILNAHME- &#038; STORNOBEDINGUNGEN"},"content":{"rendered":"<p>[et_pb_section fb_built=&#8220;1&#8243; _builder_version=&#8220;4.16&#8243; global_colors_info=&#8220;{}&#8220;][et_pb_row _builder_version=&#8220;4.17.4&#8243; background_size=&#8220;initial&#8220; background_position=&#8220;top_left&#8220; background_repeat=&#8220;repeat&#8220; global_colors_info=&#8220;{}&#8220;][et_pb_column type=&#8220;4_4&#8243; _builder_version=&#8220;4.16&#8243; custom_padding=&#8220;|||&#8220; global_colors_info=&#8220;{}&#8220; custom_padding__hover=&#8220;|||&#8220;][et_pb_post_title meta=&#8220;off&#8220; featured_image=&#8220;off&#8220; _builder_version=&#8220;4.17.4&#8243; _module_preset=&#8220;default&#8220; title_text_align=&#8220;left&#8220; title_font_size=&#8220;30px&#8220; title_line_height=&#8220;1.1em&#8220; global_colors_info=&#8220;{}&#8220;][\/et_pb_post_title][\/et_pb_column][\/et_pb_row][et_pb_row column_structure=&#8220;1_2,1_2&#8243; _builder_version=&#8220;4.17.4&#8243; background_size=&#8220;initial&#8220; background_position=&#8220;top_left&#8220; background_repeat=&#8220;repeat&#8220; global_colors_info=&#8220;{}&#8220;][et_pb_column type=&#8220;1_2&#8243; _builder_version=&#8220;4.16&#8243; custom_padding=&#8220;|||&#8220; global_colors_info=&#8220;{}&#8220; custom_padding__hover=&#8220;|||&#8220;][et_pb_text _builder_version=&#8220;4.27.5&#8243; background_size=&#8220;initial&#8220; background_position=&#8220;top_left&#8220; background_repeat=&#8220;repeat&#8220; hover_enabled=&#8220;0&#8243; global_colors_info=&#8220;{}&#8220; sticky_enabled=&#8220;0&#8243;]<\/p>\n<h2>Veranstaltungsanmeldung<\/h2>\n<p>Eine Veranstaltungsanmeldung erfolgt ausnahmslos \u00fcber die Anmeldefunktion der \u00d6fS-Website.<\/p>\n<p>Binnen 24 Stunden erhalten Sie eine Best\u00e4tigungsmail, damit ist Ihre Anmeldung verbindlich. Sollten Sie innerhalb dieser 24 Stunden keine Best\u00e4tigung erhalten, setzten Sie sich bitte mit dem <a href=\"mailto:office@forum-systemaufstellungen.at\" target=\"_blank\" rel=\"noopener\">\u00d6fS-B\u00fcro<\/a> in Verbindung. Ab dem Erhalt der Anmeldebest\u00e4tigung gelten unsere Stornobedingungen lt. Website (siehe rechts).<\/p>\n<p>Die Rechnung dazu folgt gesondert per Mail und ist binnen 2 Wochen bzw. bis Veranstaltungsbeginn zu begleichen.<\/p>\n<p><strong>Bankverbindung:<\/strong><\/p>\n<p><strong>\u00d6. Forum Systemaufstellungen<br \/>IBAN AT49 3460 8000 0007 7826<br \/><\/strong><strong>BIC RZOOAT2L608<\/strong><\/p>\n<p>[\/et_pb_text][\/et_pb_column][et_pb_column type=&#8220;1_2&#8243; _builder_version=&#8220;4.16&#8243; custom_padding=&#8220;|||&#8220; global_colors_info=&#8220;{}&#8220; custom_padding__hover=&#8220;|||&#8220;][et_pb_text _builder_version=&#8220;4.17.4&#8243; _module_preset=&#8220;default&#8220; global_colors_info=&#8220;{}&#8220;]<\/p>\n<h2>Stornobedingungen<\/h2>\n<p>Eine Stornierung muss schriftlich erfolgen.<\/p>\n<p>Bei Stornierung bis sechs Wochen vor der Veranstaltung wird der gesamte einbezahlte Betrag zur\u00fcckerstattet (vorbehaltlich einer Bearbeitungsgeb\u00fchr von 10% des Veranstaltungsbeitrags). <br \/>Bei Stornierung bis drei Wochen vor der Veranstaltung werden 50% des eingezahlten Betrages als Stornogeb\u00fchr einbehalten. <br \/>Bei einer sp\u00e4teren Stornierung wird der gesamte Betrag einbehalten.<\/p>\n<p>Die Stornogeb\u00fchr entf\u00e4llt, wenn ein\/e Ersatzteilnemer\/in genannt wird. Im Falle einer Absage der Veranstaltung durch das \u00d6fS wird der gesamte eingezahlte Betrag zur\u00fcckerstattet.<\/p>\n<p>[\/et_pb_text][\/et_pb_column][\/et_pb_row][\/et_pb_section]<\/p>\n","protected":false},"excerpt":{"rendered":"<p>Veranstaltungsanmeldung Eine Veranstaltungsanmeldung erfolgt ausnahmslos \u00fcber die Anmeldefunktion der \u00d6fS-Website. Binnen 24 Stunden erhalten Sie eine Best\u00e4tigungsmail, damit ist Ihre [&hellip;]<\/p>\n","protected":false},"author":2,"featured_media":0,"parent":0,"menu_order":0,"comment_status":"closed","ping_status":"closed","template":"","meta":{"_et_pb_use_builder":"on","_et_pb_old_content":"<h2>Veranstaltungsanmeldung<\/h2><p>Eine Veranstaltungsanmeldung erfolgt ausnahmslos \u00fcber die Anmeldefunktion der \u00d6fS-Website.<\/p><p>Daraufhin wird ein Best\u00e4tigungsmail generiert, ohne dieses ist die Anmeldung ung\u00fcltig. Erst mit Einzahlung des Veranstaltungsbeitrags auf das \u00d6fS-Konto ist ein Platz fix reserviert, die Rechnung dazu folgt gesondert.<br \/>\u00d6fS-Kontoverbindung: IBAN AT49 3460 8000 0007 7826, BIC RZOOAT2L608<\/p><h2>Stornobedingungen<\/h2><p>Eine Stornierung muss schriftlich erfolgen.<br \/>Bei Stornierung bis sechs Wochen vor der Veranstaltung wird der gesamte einbezahlte Betrag zur\u00fcckerstattet (vorbehaltlich einer Bearbeitungsgeb\u00fchr von \u20ac 30,-). Bei Stornierung bis drei Wochen vor der Veranstalung werden 50% des eingezahlten Betrages als Stornogeb\u00fchr einbehalten. Bei einer sp\u00e4teren Stornierung wird der gesamte Betrag einbehalten.<\/p><p>Die Stornogeb\u00fchr entf\u00e4llt, wenn ein\/e Ersatzteilnemer\/in genannt wird. Im Falle einer Absage der Veranstaltung durch das \u00d6fS wird der gesamte eingezahlte Betrag zur\u00fcckerstattet.<\/p><h3>\u00a0<\/h3>","_et_gb_content_width":"","footnotes":""},"class_list":["post-2334","page","type-page","status-publish","hentry"],"yoast_head":"<!-- This site is optimized with the Yoast SEO plugin v26.9 - https:\/\/yoast.com\/product\/yoast-seo-wordpress\/ -->\n<title>TEILNAHME- &amp; STORNOBEDINGUNGEN - \u00d6fS Veranstaltungen<\/title>\n<meta name=\"robots\" content=\"index, follow, max-snippet:-1, max-image-preview:large, max-video-preview:-1\" \/>\n<link rel=\"canonical\" href=\"https:\/\/www.forum-systemaufstellungen.at\/veranstaltungen\/teilnahme-stornobedingungen\/\" \/>\n<meta property=\"og:locale\" content=\"de_DE\" \/>\n<meta property=\"og:type\" content=\"article\" \/>\n<meta property=\"og:title\" content=\"TEILNAHME- &amp; STORNOBEDINGUNGEN - \u00d6fS Veranstaltungen\" \/>\n<meta property=\"og:description\" content=\"Veranstaltungsanmeldung Eine Veranstaltungsanmeldung erfolgt ausnahmslos \u00fcber die Anmeldefunktion der \u00d6fS-Website. Binnen 24 Stunden erhalten Sie eine Best\u00e4tigungsmail, damit ist Ihre [&hellip;]\" \/>\n<meta property=\"og:url\" content=\"https:\/\/www.forum-systemaufstellungen.at\/veranstaltungen\/teilnahme-stornobedingungen\/\" \/>\n<meta property=\"og:site_name\" content=\"\u00d6fS Veranstaltungen\" \/>\n<meta property=\"article:modified_time\" content=\"2026-03-18T10:27:54+00:00\" \/>\n<meta name=\"twitter:card\" content=\"summary_large_image\" \/>\n<meta name=\"twitter:label1\" content=\"Gesch\u00e4tzte Lesezeit\" \/>\n\t<meta name=\"twitter:data1\" content=\"1\u00a0Minute\" \/>\n<script type=\"application\/ld+json\" class=\"yoast-schema-graph\">{\"@context\":\"https:\/\/schema.org\",\"@graph\":[{\"@type\":\"WebPage\",\"@id\":\"https:\/\/www.forum-systemaufstellungen.at\/veranstaltungen\/teilnahme-stornobedingungen\/\",\"url\":\"https:\/\/www.forum-systemaufstellungen.at\/veranstaltungen\/teilnahme-stornobedingungen\/\",\"name\":\"TEILNAHME- & STORNOBEDINGUNGEN - \u00d6fS Veranstaltungen\",\"isPartOf\":{\"@id\":\"https:\/\/www.forum-systemaufstellungen.at\/veranstaltungen\/#website\"},\"datePublished\":\"2021-04-07T14:51:13+00:00\",\"dateModified\":\"2026-03-18T10:27:54+00:00\",\"breadcrumb\":{\"@id\":\"https:\/\/www.forum-systemaufstellungen.at\/veranstaltungen\/teilnahme-stornobedingungen\/#breadcrumb\"},\"inLanguage\":\"de\",\"potentialAction\":[{\"@type\":\"ReadAction\",\"target\":[\"https:\/\/www.forum-systemaufstellungen.at\/veranstaltungen\/teilnahme-stornobedingungen\/\"]}]},{\"@type\":\"BreadcrumbList\",\"@id\":\"https:\/\/www.forum-systemaufstellungen.at\/veranstaltungen\/teilnahme-stornobedingungen\/#breadcrumb\",\"itemListElement\":[{\"@type\":\"ListItem\",\"position\":1,\"name\":\"Startseite\",\"item\":\"https:\/\/www.forum-systemaufstellungen.at\/veranstaltungen\/\"},{\"@type\":\"ListItem\",\"position\":2,\"name\":\"TEILNAHME- &#038; STORNOBEDINGUNGEN\"}]},{\"@type\":\"WebSite\",\"@id\":\"https:\/\/www.forum-systemaufstellungen.at\/veranstaltungen\/#website\",\"url\":\"https:\/\/www.forum-systemaufstellungen.at\/veranstaltungen\/\",\"name\":\"\u00d6fS Veranstaltungen\",\"description\":\"systemische Aufstellungsarbeit\",\"potentialAction\":[{\"@type\":\"SearchAction\",\"target\":{\"@type\":\"EntryPoint\",\"urlTemplate\":\"https:\/\/www.forum-systemaufstellungen.at\/veranstaltungen\/?s={search_term_string}\"},\"query-input\":{\"@type\":\"PropertyValueSpecification\",\"valueRequired\":true,\"valueName\":\"search_term_string\"}}],\"inLanguage\":\"de\"}]}<\/script>\n<!-- \/ Yoast SEO plugin. -->","yoast_head_json":{"title":"TEILNAHME- & STORNOBEDINGUNGEN - \u00d6fS Veranstaltungen","robots":{"index":"index","follow":"follow","max-snippet":"max-snippet:-1","max-image-preview":"max-image-preview:large","max-video-preview":"max-video-preview:-1"},"canonical":"https:\/\/www.forum-systemaufstellungen.at\/veranstaltungen\/teilnahme-stornobedingungen\/","og_locale":"de_DE","og_type":"article","og_title":"TEILNAHME- & STORNOBEDINGUNGEN - \u00d6fS Veranstaltungen","og_description":"Veranstaltungsanmeldung Eine Veranstaltungsanmeldung erfolgt ausnahmslos \u00fcber die Anmeldefunktion der \u00d6fS-Website. Binnen 24 Stunden erhalten Sie eine Best\u00e4tigungsmail, damit ist Ihre [&hellip;]","og_url":"https:\/\/www.forum-systemaufstellungen.at\/veranstaltungen\/teilnahme-stornobedingungen\/","og_site_name":"\u00d6fS Veranstaltungen","article_modified_time":"2026-03-18T10:27:54+00:00","twitter_card":"summary_large_image","twitter_misc":{"Gesch\u00e4tzte Lesezeit":"1\u00a0Minute"},"schema":{"@context":"https:\/\/schema.org","@graph":[{"@type":"WebPage","@id":"https:\/\/www.forum-systemaufstellungen.at\/veranstaltungen\/teilnahme-stornobedingungen\/","url":"https:\/\/www.forum-systemaufstellungen.at\/veranstaltungen\/teilnahme-stornobedingungen\/","name":"TEILNAHME- & STORNOBEDINGUNGEN - \u00d6fS Veranstaltungen","isPartOf":{"@id":"https:\/\/www.forum-systemaufstellungen.at\/veranstaltungen\/#website"},"datePublished":"2021-04-07T14:51:13+00:00","dateModified":"2026-03-18T10:27:54+00:00","breadcrumb":{"@id":"https:\/\/www.forum-systemaufstellungen.at\/veranstaltungen\/teilnahme-stornobedingungen\/#breadcrumb"},"inLanguage":"de","potentialAction":[{"@type":"ReadAction","target":["https:\/\/www.forum-systemaufstellungen.at\/veranstaltungen\/teilnahme-stornobedingungen\/"]}]},{"@type":"BreadcrumbList","@id":"https:\/\/www.forum-systemaufstellungen.at\/veranstaltungen\/teilnahme-stornobedingungen\/#breadcrumb","itemListElement":[{"@type":"ListItem","position":1,"name":"Startseite","item":"https:\/\/www.forum-systemaufstellungen.at\/veranstaltungen\/"},{"@type":"ListItem","position":2,"name":"TEILNAHME- &#038; STORNOBEDINGUNGEN"}]},{"@type":"WebSite","@id":"https:\/\/www.forum-systemaufstellungen.at\/veranstaltungen\/#website","url":"https:\/\/www.forum-systemaufstellungen.at\/veranstaltungen\/","name":"\u00d6fS Veranstaltungen","description":"systemische Aufstellungsarbeit","potentialAction":[{"@type":"SearchAction","target":{"@type":"EntryPoint","urlTemplate":"https:\/\/www.forum-systemaufstellungen.at\/veranstaltungen\/?s={search_term_string}"},"query-input":{"@type":"PropertyValueSpecification","valueRequired":true,"valueName":"search_term_string"}}],"inLanguage":"de"}]}},"_links":{"self":[{"href":"https:\/\/www.forum-systemaufstellungen.at\/veranstaltungen\/wp-json\/wp\/v2\/pages\/2334","targetHints":{"allow":["GET"]}}],"collection":[{"href":"https:\/\/www.forum-systemaufstellungen.at\/veranstaltungen\/wp-json\/wp\/v2\/pages"}],"about":[{"href":"https:\/\/www.forum-systemaufstellungen.at\/veranstaltungen\/wp-json\/wp\/v2\/types\/page"}],"author":[{"embeddable":true,"href":"https:\/\/www.forum-systemaufstellungen.at\/veranstaltungen\/wp-json\/wp\/v2\/users\/2"}],"replies":[{"embeddable":true,"href":"https:\/\/www.forum-systemaufstellungen.at\/veranstaltungen\/wp-json\/wp\/v2\/comments?post=2334"}],"version-history":[{"count":1,"href":"https:\/\/www.forum-systemaufstellungen.at\/veranstaltungen\/wp-json\/wp\/v2\/pages\/2334\/revisions"}],"predecessor-version":[{"id":5682,"href":"https:\/\/www.forum-systemaufstellungen.at\/veranstaltungen\/wp-json\/wp\/v2\/pages\/2334\/revisions\/5682"}],"wp:attachment":[{"href":"https:\/\/www.forum-systemaufstellungen.at\/veranstaltungen\/wp-json\/wp\/v2\/media?parent=2334"}],"curies":[{"name":"wp","href":"https:\/\/api.w.org\/{rel}","templated":true}]}}