{"id":3,"date":"2018-10-22T11:10:00","date_gmt":"2018-10-22T09:10:00","guid":{"rendered":"https:\/\/www.forum-systemaufstellungen.at\/veranstaltungen\/datenschutzerklaerung\/"},"modified":"2024-05-08T14:55:29","modified_gmt":"2024-05-08T12:55:29","slug":"datenschutzerklaerung","status":"publish","type":"page","link":"https:\/\/www.forum-systemaufstellungen.at\/veranstaltungen\/datenschutzerklaerung\/","title":{"rendered":"Datenschutzerkl\u00e4rung"},"content":{"rendered":"<h2>Erkl\u00e4rung zur Informationspflicht<\/h2>\n<p><strong><u>(Datenschutzerkl\u00e4rung)<\/u><\/strong><\/p>\n<p><em>aktualisiert am 19. August 2022<\/em><\/p>\n<p>Der Schutz Ihrer pers\u00f6nlichen Daten ist uns ein besonderes Anliegen. Wir verarbeiten Ihre Daten daher ausschlie\u00dflich auf Grundlage der gesetzlichen Bestimmungen (DSGVO, TKG 2003). In diesen Datenschutzinformationen informieren wir Sie \u00fcber die wichtigsten Aspekte der Datenverarbeitung im Rahmen unserer Website und unserer Social Media Pr\u00e4senzen.<\/p>\n<h2>Arten der verarbeiteten Daten:<\/h2>\n<ul>\n<li>Kontaktdaten (wie E-Mail, Telefonnummern)<\/li>\n<li>Bestandsdaten (wie Namen, Adressen)<\/li>\n<li>Inhaltsdaten (wie Texte, Fotos, Videos)<\/li>\n<li>Nutzungsdaten (wie besuchte Webseiten, Interesse an Inhalten, Zugriffszeiten)<\/li>\n<li>Kommunikationsdaten (wie IP Adressen, Ger\u00e4te-Informationen)<\/li>\n<\/ul>\n<h2>Datensicherheit<\/h2>\n<p>Um Ihre Daten noch sicherer zu sch\u00fctzen, wenden wir folgende, strenge Datenschutz Richtlinien an:<\/p>\n<ul>\n<li>Sichere Speicherung der pers\u00f6nlichen Daten<\/li>\n<li>Regelm\u00e4\u00dfige und aktive Sicherheits-Kontrollen der Website auf Malware und Hacker<\/li>\n<li>Keine Weitergabe von Daten an Dritte<\/li>\n<li>Regelm\u00e4\u00dfige Aktualisierungen aller Elemente der Website<\/li>\n<li>Nur Verwendung von vertrauensw\u00fcrdigen, reputations-gepr\u00fcften Website Tools und Themes<\/li>\n<\/ul>\n<h2>Kontakt mit uns<\/h2>\n<p>Wenn Sie per E-Mail Kontakt mit uns aufnehmen, werden Ihre angegebenen Daten zwecks Bearbeitung der Anfrage und f\u00fcr den Fall von Anschlussfragen sechs Monate bei uns gespeichert. Diese Daten geben wir nicht ohne Ihre Einwilligung weiter.<\/p>\n<p><strong>Sie erreichen uns unter folgenden Kontaktdaten: <\/strong><\/p>\n<p><u>Name und Anschrift der Verantwortlichen<\/u><\/p>\n<p>Angelika Kroyer<br \/>\nVorstandsvorsitzende,<br \/>\n\u00d6sterreichisches forum Systemaufstellungen<\/p>\n<p>Vereinssitz:<br \/>\nR\u00f6merstra\u00dfe 14<br \/>\n4813 Altm\u00fcnster<\/p>\n<p>Tel.+43 664 456 40 10<br \/>\nE-Mail: office@forum-systemaufstellungen.at<\/p>\n<p>Link zum Impressum: <a href=\"https:\/\/www.forum-systemaufstellungen.at\/wp\/impressum\/\" target=\"_blank\" rel=\"noopener\">https:\/\/www.forum-systemaufstellungen.at\/wp\/impressum\/<\/a><\/p>\n<h2>Cookies<\/h2>\n<p>Unsere Website verwendet so genannte Cookies. Dabei handelt es sich um kleine Textdateien, die mit Hilfe des Browsers auf Ihrem Endger\u00e4t abgelegt werden. Sie richten keinen Schaden an. Wir nutzen Cookies dazu, unser Angebot nutzerfreundlich zu gestalten. Einige Cookies bleiben auf Ihrem Endger\u00e4t gespeichert, bis Sie diese l\u00f6schen. Sie erm\u00f6glichen es uns, Ihren Browser beim n\u00e4chsten Besuch wiederzuerkennen.<\/p>\n<p>Wenn Sie dies nicht w\u00fcnschen, so k\u00f6nnen Sie Ihren Browser so einrichten, dass er Sie \u00fcber das Setzen von Cookies informiert und Sie dies nur im Einzelfall erlauben. Bei der Deaktivierung von Cookies kann die Funktionalit\u00e4t unserer Website eingeschr\u00e4nkt sein.<\/p>\n<p>Wenn Sie einen Kommentar auf unserer Website hinterlassen, werden Ihr Name und Ihre E-Mail-Adresse in Cookies gespeichert. Dies dient dazu, dass Sie Ihre Daten nicht erneut eingeben m\u00fcssen, wenn Sie einen weiteren Kommentar hinterlassen. Diese Cookies dauern 6 Monate.<\/p>\n<h2>Ihre Opt-Out M\u00f6glichkeiten:<\/h2>\n<ul>\n<li>Zu Google Analytics finden Sie <a href=\"https:\/\/tools.google.com\/dlpage\/gaoptout?hl=de\" target=\"_blank\" rel=\"noopener\">hier<\/a><\/li>\n<li>Deaktivierung von Cookies (Achtung verhindert auch das Merken von Einstellungen) in <a href=\"https:\/\/support.google.com\/accounts\/answer\/32050?hl=de\" target=\"_blank\" rel=\"noopener\">Google Chrome<\/a>, <a href=\"https:\/\/support.mozilla.org\/de\/kb\/cookies-loeschen-daten-von-websites-entfernen?redirectlocale=de&amp;redirectslug=Cookies+l%C3%B6schen\" target=\"_blank\" rel=\"noopener\">Mozilla Firefox<\/a>, <a href=\"https:\/\/support.microsoft.com\/en-us\/help\/17442\/windows-internet-explorer-delete-manage-cookies#ie=ie-11\" target=\"_blank\" rel=\"noopener\">Microsoft Internet Explorer<\/a>.<\/li>\n<li>Generelle Anfragen zu pers\u00f6nlich gespeicherten Daten bzw. deren L\u00f6schung richten sie bitte an: office@forum-systemaufstellungen.at<\/li>\n<\/ul>\n<p>&nbsp;<\/p>\n<h2>Drittanbieter &#8211; Einsatz von Social Media<\/h2>\n<p>Unsere Webpr\u00e4senz bietet Ihnen die M\u00f6glichkeit, mittels \u201eSocial Bookmarks\u201c Links zu unseren Inhalten auf Social Media Plattformen zu teilen, wobei zun\u00e4chst keine personenbezogenen Daten an diese Anbieter \u00fcbertragen werden. F\u00fcr diese Funktion setzen wir das Plugin Shariff Wrapper ein \u2013 es werden erst personenbezogene Daten an die sozialen Netzwerke \u00fcbertragen werden, nachdem Sie auf einen Teilen-Button geklickt haben. Es ist somit DSGVO-konform.<\/p>\n<p>Durch Ihren Aufruf der Website des jeweiligen Social Media Anbieters werden Daten automatisiert an den jeweiligen Diensteanbieter \u00fcbermittelt und dort gespeichert. Wir haben keinen Einfluss auf die erhobenen Daten und Datenverarbeitungsvorg\u00e4nge, noch sind uns der volle Umfang der Datenerhebung, die Zwecke sowie die Speicherfristen bekannt. Bei den Datenschutzerkl\u00e4rungen dieser Anbieter erhalten Sie weitere Informationen zu Ihren Rechten und Einstellungsm\u00f6glichkeiten zum Schutz Ihrer Privatsph\u00e4re:<\/p>\n<ul>\n<li>Google Inc. (<a href=\"https:\/\/policies.google.com\/privacy\/update?hl=de\" target=\"_blank\" rel=\"noopener\">Datenschutzerkl\u00e4rung<\/a>)<\/li>\n<li>LinkedIn <a href=\"https:\/\/www.linkedin.com\/legal\/privacy-policy?_l=de_DE\" target=\"_blank\" rel=\"noopener\">(Datenschutz Statement)<\/a><\/li>\n<li>Facebook Inc. <a href=\"https:\/\/www.facebook.com\/privacy\/explanation\" target=\"_blank\" rel=\"noopener\">(Datenrichtlinien)<\/a><\/li>\n<li>Twitter Inc <a href=\"https:\/\/twitter.com\/de\/privacy\" target=\"_blank\" rel=\"noopener\">(Datenschutz-Statement)<\/a><\/li>\n<li>Linkedin <a href=\"https:\/\/www.linkedin.com\/legal\/privacy-policy?_l=de_DE\" target=\"_blank\" rel=\"noopener\">(Privacy Policy)<\/a><\/li>\n<li>Xing (<a href=\"https:\/\/privacy.xing.com\/de\/datenschutzerklaerung\" target=\"_blank\" rel=\"noopener\">Datenschutzerkl\u00e4rung)<\/a><\/li>\n<li>Instagram (<a href=\"https:\/\/privacycenter.instagram.com\/policy\/\" target=\"_blank\" rel=\"noopener\">Datenrichtlinie<\/a>)<\/li>\n<\/ul>\n<h2>WORDFENCE<\/h2>\n<p>Diese Seite nutzt das Sicherheits-Plugin WORDFENCE, um so die Website vor Hackerangriffen etc. zu sch\u00fctzen. Anbieter ist DEFIANT, 800 5th Ave Ste 4100, Seattle, WA 98104.<br \/>\nDie bereitgestellte DSGVO-konforme Datenverarbeitungsvereinbarung wurde abgeschlossen.<br \/>\nWORDFENCE setzt derzeit drei Cookies ein und nachfolgend wird erkl\u00e4rt, was jedes Cookie macht, wer das Cookie gesetzt hat und warum das Cookie zum Schutz der Seite beitr\u00e4gt.<\/p>\n<p><strong>wfwaf-authcookie- (Hash)<\/strong><\/p>\n<p>Was es tut: Dieses Cookie wird von der WORDFENCE-Firewall verwendet, um vor dem Laden von WordPress eine F\u00e4higkeitspr\u00fcfung des aktuellen Benutzers durchzuf\u00fchren. Wer erh\u00e4lt dieses Cookie: Dieses Cookie wird nur f\u00fcr Benutzer festgelegt, die sich in WordPress einloggen k\u00f6nnen. Wie dieses Cookie hilft: Mit diesem Cookie erkennt die WORDFENCE-Firewall angemeldete Benutzer und erm\u00f6glicht ihnen einen erh\u00f6hten Zugriff. WORDFENCE kann auch nicht angemeldete Benutzer erkennen und ihren Zugriff auf sichere Bereiche einschr\u00e4nken. Das Cookie informiert die Firewall dar\u00fcber, welche Zugriffsebene ein Besucher hat, um der Firewall zu helfen, kluge Entscheidungen dar\u00fcber zu treffen, wer zugelassen werden darf und wer blockiert werden soll.<\/p>\n<p><strong>wf_loginalerted_ (Hash)<\/strong><\/p>\n<p>Was es bewirkt: Dieses Cookie wird verwendet, um den WORDFENCE-Administrator zu benachrichtigen, wenn sich ein Administrator von einem neuen Ger\u00e4t oder Standort aus anmeldet. Wer erh\u00e4lt dieses Cookie: Dieses Cookie ist nur f\u00fcr Administratoren festgelegt. Wie dieses Cookie hilft: Dieses Cookie hilft den Websitebetreibern zu wissen, ob ein Admin-Login von einem neuen Ger\u00e4t oder Standort aus stattgefunden hat.<\/p>\n<p><strong>wfCBLBypass<\/strong><\/p>\n<p>Was es tut: WORDFENCE bietet einem Site-Besucher die M\u00f6glichkeit, die L\u00e4nderblockierung zu umgehen, indem er auf eine versteckte URL zugreift. Mit diesem Cookie kann nachvollzogen werden, wer die Sperrung des Landes umgehen darf. Wer erh\u00e4lt dieses Cookie: Wenn eine vom Site-Administrator definierte versteckte URL aufgerufen wird, wird mit diesem Cookie \u00fcberpr\u00fcft, ob der Benutzer auf die Site von einem Land aus zugreifen kann, das durch die Sperrung des Landes beschr\u00e4nkt ist. Dies wird f\u00fcr jeden festgelegt, der die URL kennt, die eine Umgehung der Standard-L\u00e4nderblockierung erm\u00f6glicht. Dieses Cookie wird nicht f\u00fcr jemanden gesetzt, der die versteckte URL nicht kennt, um die L\u00e4nderblockierung zu umgehen. Wie dieses Cookie hilft: Dieses Cookie gibt den Websitebesitzern die M\u00f6glichkeit, bestimmten Benutzern blockierte L\u00e4nder zu erlauben, obwohl ihr Land gesperrt wurde.<br \/>\nMehr Informationen zum Umgang mit Nutzerdaten finden Sie in der Datenschutzerkl\u00e4rung von DEFIANT: <a href=\"https:\/\/www.WORDFENCE.com\/privacy-policy\/\" target=\"_blank\" rel=\"noopener noreferrer\">https:\/\/www.WORDFENCE.com\/privacy-policy\/<\/a><\/p>\n<h2>Ihre Rechte<\/h2>\n<p>Ihnen stehen grunds\u00e4tzlich die Rechte auf Auskunft, Berichtigung, L\u00f6schung, Einschr\u00e4nkung, Daten\u00fcbertragbarkeit, Widerruf und Widerspruch zu. Als Betroffene stehen Ihnen folgende Rechte zu: Recht auf Auskunft (Artikel 15 DSGVO), Recht auf Berichtigung (Artikel 16 DSGVO\u201c, Recht auf L\u00f6schung (Artikel 17 DSGVO), Recht auf Einschr\u00e4nkung (Artikel 18 DSGVO), Daten\u00fcbertragbarkeit (Artikel 20 DSGVO) sowie Recht auf Widerspruch (Artikel 21 DSGVO).<\/p>\n<p>Die genannten Betroffenenrechte k\u00f6nnen Sie per E-Mail an office@forum-systemaufstellungen.at geltend machen oder alternativ per Brief an o.a. Adresse von der \u00d6sterreichisches forum Systemaufstellungen.<\/p>\n<h2>Beschwerderecht bei der Datenschutzbeh\u00f6rde<\/h2>\n<p>Wenn Sie glauben, dass die Verarbeitung Ihrer Daten gegen das Datenschutzrecht verst\u00f6\u00dft oder Ihre datenschutzrechtlichen Anspr\u00fcche sonst in einer Weise verletzt worden sind, k\u00f6nnen Sie sich bei der Aufsichtsbeh\u00f6rde beschweren. In \u00d6sterreich ist dies die Datenschutzbeh\u00f6rde: Wickenburggasse 8-10, 1080 Wien, Tel +43 1 52 152-0, E-Mail: dsb@dsb.gv.at.<\/p>\n<h2>Allgemeines<\/h2>\n<p>Wir behalten uns das Recht vor, diese Datenschutzerkl\u00e4rung jederzeit mit Wirkung f\u00fcr die Zukunft zu \u00e4ndern, die jeweils aktuelle Version ist auf unserem Webauftritt abrufbar.<\/p>\n<p>&nbsp;<\/p>\n","protected":false},"excerpt":{"rendered":"<p>Erkl\u00e4rung zur Informationspflicht (Datenschutzerkl\u00e4rung) aktualisiert am 19. August 2022 Der Schutz Ihrer pers\u00f6nlichen Daten ist uns ein besonderes Anliegen. Wir [&hellip;]<\/p>\n","protected":false},"author":2,"featured_media":0,"parent":0,"menu_order":0,"comment_status":"closed","ping_status":"open","template":"","meta":{"_et_pb_use_builder":"","_et_pb_old_content":"","_et_gb_content_width":"","footnotes":""},"class_list":["post-3","page","type-page","status-publish","hentry"],"yoast_head":"<!-- This site is optimized with the Yoast SEO plugin v26.9 - https:\/\/yoast.com\/product\/yoast-seo-wordpress\/ -->\n<title>Datenschutzerkl\u00e4rung - \u00d6fS Veranstaltungen<\/title>\n<meta name=\"robots\" content=\"index, follow, max-snippet:-1, max-image-preview:large, max-video-preview:-1\" \/>\n<link rel=\"canonical\" href=\"https:\/\/www.forum-systemaufstellungen.at\/veranstaltungen\/datenschutzerklaerung\/\" \/>\n<meta property=\"og:locale\" content=\"de_DE\" \/>\n<meta property=\"og:type\" content=\"article\" \/>\n<meta property=\"og:title\" content=\"Datenschutzerkl\u00e4rung - \u00d6fS Veranstaltungen\" \/>\n<meta property=\"og:description\" content=\"Erkl\u00e4rung zur Informationspflicht (Datenschutzerkl\u00e4rung) aktualisiert am 19. August 2022 Der Schutz Ihrer pers\u00f6nlichen Daten ist uns ein besonderes Anliegen. Wir [&hellip;]\" \/>\n<meta property=\"og:url\" content=\"https:\/\/www.forum-systemaufstellungen.at\/veranstaltungen\/datenschutzerklaerung\/\" \/>\n<meta property=\"og:site_name\" content=\"\u00d6fS Veranstaltungen\" \/>\n<meta property=\"article:modified_time\" content=\"2024-05-08T12:55:29+00:00\" \/>\n<meta name=\"twitter:card\" content=\"summary_large_image\" \/>\n<meta name=\"twitter:label1\" content=\"Gesch\u00e4tzte Lesezeit\" \/>\n\t<meta name=\"twitter:data1\" content=\"6\u00a0Minuten\" \/>\n<script type=\"application\/ld+json\" class=\"yoast-schema-graph\">{\"@context\":\"https:\/\/schema.org\",\"@graph\":[{\"@type\":\"WebPage\",\"@id\":\"https:\/\/www.forum-systemaufstellungen.at\/veranstaltungen\/datenschutzerklaerung\/\",\"url\":\"https:\/\/www.forum-systemaufstellungen.at\/veranstaltungen\/datenschutzerklaerung\/\",\"name\":\"Datenschutzerkl\u00e4rung - \u00d6fS Veranstaltungen\",\"isPartOf\":{\"@id\":\"https:\/\/www.forum-systemaufstellungen.at\/veranstaltungen\/#website\"},\"datePublished\":\"2018-10-22T09:10:00+00:00\",\"dateModified\":\"2024-05-08T12:55:29+00:00\",\"breadcrumb\":{\"@id\":\"https:\/\/www.forum-systemaufstellungen.at\/veranstaltungen\/datenschutzerklaerung\/#breadcrumb\"},\"inLanguage\":\"de\",\"potentialAction\":[{\"@type\":\"ReadAction\",\"target\":[\"https:\/\/www.forum-systemaufstellungen.at\/veranstaltungen\/datenschutzerklaerung\/\"]}]},{\"@type\":\"BreadcrumbList\",\"@id\":\"https:\/\/www.forum-systemaufstellungen.at\/veranstaltungen\/datenschutzerklaerung\/#breadcrumb\",\"itemListElement\":[{\"@type\":\"ListItem\",\"position\":1,\"name\":\"Startseite\",\"item\":\"https:\/\/www.forum-systemaufstellungen.at\/veranstaltungen\/\"},{\"@type\":\"ListItem\",\"position\":2,\"name\":\"Datenschutzerkl\u00e4rung\"}]},{\"@type\":\"WebSite\",\"@id\":\"https:\/\/www.forum-systemaufstellungen.at\/veranstaltungen\/#website\",\"url\":\"https:\/\/www.forum-systemaufstellungen.at\/veranstaltungen\/\",\"name\":\"\u00d6fS Veranstaltungen\",\"description\":\"systemische Aufstellungsarbeit\",\"potentialAction\":[{\"@type\":\"SearchAction\",\"target\":{\"@type\":\"EntryPoint\",\"urlTemplate\":\"https:\/\/www.forum-systemaufstellungen.at\/veranstaltungen\/?s={search_term_string}\"},\"query-input\":{\"@type\":\"PropertyValueSpecification\",\"valueRequired\":true,\"valueName\":\"search_term_string\"}}],\"inLanguage\":\"de\"}]}<\/script>\n<!-- \/ Yoast SEO plugin. -->","yoast_head_json":{"title":"Datenschutzerkl\u00e4rung - \u00d6fS Veranstaltungen","robots":{"index":"index","follow":"follow","max-snippet":"max-snippet:-1","max-image-preview":"max-image-preview:large","max-video-preview":"max-video-preview:-1"},"canonical":"https:\/\/www.forum-systemaufstellungen.at\/veranstaltungen\/datenschutzerklaerung\/","og_locale":"de_DE","og_type":"article","og_title":"Datenschutzerkl\u00e4rung - \u00d6fS Veranstaltungen","og_description":"Erkl\u00e4rung zur Informationspflicht (Datenschutzerkl\u00e4rung) aktualisiert am 19. August 2022 Der Schutz Ihrer pers\u00f6nlichen Daten ist uns ein besonderes Anliegen. Wir [&hellip;]","og_url":"https:\/\/www.forum-systemaufstellungen.at\/veranstaltungen\/datenschutzerklaerung\/","og_site_name":"\u00d6fS Veranstaltungen","article_modified_time":"2024-05-08T12:55:29+00:00","twitter_card":"summary_large_image","twitter_misc":{"Gesch\u00e4tzte Lesezeit":"6\u00a0Minuten"},"schema":{"@context":"https:\/\/schema.org","@graph":[{"@type":"WebPage","@id":"https:\/\/www.forum-systemaufstellungen.at\/veranstaltungen\/datenschutzerklaerung\/","url":"https:\/\/www.forum-systemaufstellungen.at\/veranstaltungen\/datenschutzerklaerung\/","name":"Datenschutzerkl\u00e4rung - \u00d6fS Veranstaltungen","isPartOf":{"@id":"https:\/\/www.forum-systemaufstellungen.at\/veranstaltungen\/#website"},"datePublished":"2018-10-22T09:10:00+00:00","dateModified":"2024-05-08T12:55:29+00:00","breadcrumb":{"@id":"https:\/\/www.forum-systemaufstellungen.at\/veranstaltungen\/datenschutzerklaerung\/#breadcrumb"},"inLanguage":"de","potentialAction":[{"@type":"ReadAction","target":["https:\/\/www.forum-systemaufstellungen.at\/veranstaltungen\/datenschutzerklaerung\/"]}]},{"@type":"BreadcrumbList","@id":"https:\/\/www.forum-systemaufstellungen.at\/veranstaltungen\/datenschutzerklaerung\/#breadcrumb","itemListElement":[{"@type":"ListItem","position":1,"name":"Startseite","item":"https:\/\/www.forum-systemaufstellungen.at\/veranstaltungen\/"},{"@type":"ListItem","position":2,"name":"Datenschutzerkl\u00e4rung"}]},{"@type":"WebSite","@id":"https:\/\/www.forum-systemaufstellungen.at\/veranstaltungen\/#website","url":"https:\/\/www.forum-systemaufstellungen.at\/veranstaltungen\/","name":"\u00d6fS Veranstaltungen","description":"systemische Aufstellungsarbeit","potentialAction":[{"@type":"SearchAction","target":{"@type":"EntryPoint","urlTemplate":"https:\/\/www.forum-systemaufstellungen.at\/veranstaltungen\/?s={search_term_string}"},"query-input":{"@type":"PropertyValueSpecification","valueRequired":true,"valueName":"search_term_string"}}],"inLanguage":"de"}]}},"_links":{"self":[{"href":"https:\/\/www.forum-systemaufstellungen.at\/veranstaltungen\/wp-json\/wp\/v2\/pages\/3","targetHints":{"allow":["GET"]}}],"collection":[{"href":"https:\/\/www.forum-systemaufstellungen.at\/veranstaltungen\/wp-json\/wp\/v2\/pages"}],"about":[{"href":"https:\/\/www.forum-systemaufstellungen.at\/veranstaltungen\/wp-json\/wp\/v2\/types\/page"}],"author":[{"embeddable":true,"href":"https:\/\/www.forum-systemaufstellungen.at\/veranstaltungen\/wp-json\/wp\/v2\/users\/2"}],"replies":[{"embeddable":true,"href":"https:\/\/www.forum-systemaufstellungen.at\/veranstaltungen\/wp-json\/wp\/v2\/comments?post=3"}],"version-history":[{"count":0,"href":"https:\/\/www.forum-systemaufstellungen.at\/veranstaltungen\/wp-json\/wp\/v2\/pages\/3\/revisions"}],"wp:attachment":[{"href":"https:\/\/www.forum-systemaufstellungen.at\/veranstaltungen\/wp-json\/wp\/v2\/media?parent=3"}],"curies":[{"name":"wp","href":"https:\/\/api.w.org\/{rel}","templated":true}]}}