{"id":51,"date":"2018-10-22T18:22:15","date_gmt":"2018-10-22T16:22:15","guid":{"rendered":"https:\/\/www.forum-systemaufstellungen.at\/veranstaltungen\/?page_id=51"},"modified":"2022-06-14T20:10:15","modified_gmt":"2022-06-14T18:10:15","slug":"oefs-veranstaltungen-aktuell","status":"publish","type":"page","link":"https:\/\/www.forum-systemaufstellungen.at\/veranstaltungen\/oefs-veranstaltungen-aktuell\/","title":{"rendered":"\u00d6fS VERANSTALTUNGEN AKTUELL"},"content":{"rendered":"<p>[et_pb_section fb_built=&#8220;1&#8243; _builder_version=&#8220;4.16&#8243; custom_margin=&#8220;0px|||&#8220; custom_padding=&#8220;0px|||&#8220; border_color_all=&#8220;#ffffff&#8220; global_colors_info=&#8220;{}&#8220;][et_pb_row disabled_on=&#8220;on||&#8220; _builder_version=&#8220;4.16&#8243; border_color_all=&#8220;#ffffff&#8220; global_colors_info=&#8220;{}&#8220;][et_pb_column type=&#8220;4_4&#8243; _builder_version=&#8220;4.16&#8243; custom_padding=&#8220;|||&#8220; global_colors_info=&#8220;{}&#8220; custom_padding__hover=&#8220;|||&#8220;][et_pb_image src=&#8220;https:\/\/www.forum-systemaufstellungen.at\/veranstaltungen\/wp-content\/uploads\/2018\/10\/oefs_bild_veranstaltungen.jpg&#8220; align_tablet=&#8220;center&#8220; align_phone=&#8220;&#8220; align_last_edited=&#8220;on|desktop&#8220; _builder_version=&#8220;4.16&#8243; global_colors_info=&#8220;{}&#8220;][\/et_pb_image][\/et_pb_column][\/et_pb_row][et_pb_row column_structure=&#8220;2_3,1_3&#8243; _builder_version=&#8220;4.16&#8243; global_colors_info=&#8220;{}&#8220;][et_pb_column type=&#8220;2_3&#8243; _builder_version=&#8220;4.16&#8243; custom_padding=&#8220;|||&#8220; global_colors_info=&#8220;{}&#8220; custom_padding__hover=&#8220;|||&#8220;][et_pb_text admin_label=&#8220;Text&#8220; _builder_version=&#8220;4.16&#8243; global_colors_info=&#8220;{}&#8220;]<\/p>\n<h2>AKTUELLE Veranstaltungen des \u00d6fS<\/h2>\n<p>Im Sinne der Qualit\u00e4tssicherung in der systemischen Aufstellungsarbeit hat es sich das \u00d6fS zum Ziel gesetzt, Erfahrung und Wissen zu vermitteln und kollegialen Austausch und Vernetzung zu f\u00f6rdern. Regelm\u00e4\u00dfig findet daher die Reihe \u201e\u00d6fS im Dialog\u201c mit Workshops erfahrener Aufsteller-KollegInnen statt. Im zweij\u00e4hrigen Abstand organisiert das \u00d6fS eine Tagung zu einem besonderen Schwerpunktthema mit Bezug zur Aufstellungsarbeit. Weiters genie\u00dfen unserer Mitglieder Vorteile bei der Teilnahme an den Veranstaltungen unserer Partnervereine im In- und Ausland.<\/p>\n<p>&nbsp;<\/p>\n<h3>TEILNAHME- &amp; STORNOBEDINGUNGEN<\/h3>\n<p>Eine Veranstaltungsanmeldung erfolgt ausnahmslos \u00fcber die Anmeldefunktion der \u00d6fS-Website. Daraufhin wird ein Best\u00e4tigungsmail generiert, ohne dieses ist die Anmeldung ung\u00fcltig. Erst mit Einzahlung des Veranstaltungsbeitrags auf das \u00d6fS-Konto\u00a0ist ein Platz fix reserviert, die Rechnung dazu folgt gesondert.<br \/>\u00d6fS-Kontoverbindung: IBAN AT49 3460 8000 0007 7826,\u00a0BIC RZOOAT2L608<\/p>\n<p>Eine Stornierung muss schriftlich erfolgen.<br \/>Bei Stornierung bis sechs Wochen vor der Veranstaltung wird der gesamte einbezahlte Betrag zur\u00fcckerstattet (vorbehaltlich einer Bearbeitungsgeb\u00fchr von \u20ac 30,-). Bei Stornierung bis drei Wochen vor der Veranstalung werden 50 % des eingezahlten Betrages als Stornogeb\u00fchr einbehalten. Bei einer sp\u00e4teren Stornierung wird der gesamte Betrag einbehalten.<br \/>Die Stornogeb\u00fchr entf\u00e4llt, wenn ein\/e Ersatzteilnemer\/in genannt wird. Im Falle einer Absage der Veranstaltung durch das \u00d6fS wird der gesamte eingezahlte Betrag zur\u00fcckerstattet.<\/p>\n<p>[\/et_pb_text][\/et_pb_column][et_pb_column type=&#8220;1_3&#8243; _builder_version=&#8220;4.16&#8243; custom_padding=&#8220;|||&#8220; global_colors_info=&#8220;{}&#8220; custom_padding__hover=&#8220;|||&#8220;][et_pb_sidebar area=&#8220;sidebar-1&#8243; _builder_version=&#8220;4.16&#8243; global_colors_info=&#8220;{}&#8220;][\/et_pb_sidebar][\/et_pb_column][\/et_pb_row][\/et_pb_section]<\/p>\n","protected":false},"excerpt":{"rendered":"<p>AKTUELLE Veranstaltungen des \u00d6fS Im Sinne der Qualit\u00e4tssicherung in der systemischen Aufstellungsarbeit hat es sich das \u00d6fS zum Ziel gesetzt, [&hellip;]<\/p>\n","protected":false},"author":2,"featured_media":0,"parent":0,"menu_order":0,"comment_status":"closed","ping_status":"closed","template":"","meta":{"_et_pb_use_builder":"on","_et_pb_old_content":"","_et_gb_content_width":"","footnotes":""},"class_list":["post-51","page","type-page","status-publish","hentry"],"yoast_head":"<!-- This site is optimized with the Yoast SEO plugin v26.9 - https:\/\/yoast.com\/product\/yoast-seo-wordpress\/ -->\n<title>\u00d6fS VERANSTALTUNGEN AKTUELL - \u00d6fS Veranstaltungen<\/title>\n<meta name=\"robots\" content=\"index, follow, max-snippet:-1, max-image-preview:large, max-video-preview:-1\" \/>\n<link rel=\"canonical\" href=\"https:\/\/www.forum-systemaufstellungen.at\/veranstaltungen\/oefs-veranstaltungen-aktuell\/\" \/>\n<meta property=\"og:locale\" content=\"de_DE\" \/>\n<meta property=\"og:type\" content=\"article\" \/>\n<meta property=\"og:title\" content=\"\u00d6fS VERANSTALTUNGEN AKTUELL - \u00d6fS Veranstaltungen\" \/>\n<meta property=\"og:description\" content=\"AKTUELLE Veranstaltungen des \u00d6fS Im Sinne der Qualit\u00e4tssicherung in der systemischen Aufstellungsarbeit hat es sich das \u00d6fS zum Ziel gesetzt, [&hellip;]\" \/>\n<meta property=\"og:url\" content=\"https:\/\/www.forum-systemaufstellungen.at\/veranstaltungen\/oefs-veranstaltungen-aktuell\/\" \/>\n<meta property=\"og:site_name\" content=\"\u00d6fS Veranstaltungen\" \/>\n<meta property=\"article:modified_time\" content=\"2022-06-14T18:10:15+00:00\" \/>\n<meta name=\"twitter:card\" content=\"summary_large_image\" \/>\n<meta name=\"twitter:label1\" content=\"Gesch\u00e4tzte Lesezeit\" \/>\n\t<meta name=\"twitter:data1\" content=\"2\u00a0Minuten\" \/>\n<script type=\"application\/ld+json\" class=\"yoast-schema-graph\">{\"@context\":\"https:\/\/schema.org\",\"@graph\":[{\"@type\":\"WebPage\",\"@id\":\"https:\/\/www.forum-systemaufstellungen.at\/veranstaltungen\/oefs-veranstaltungen-aktuell\/\",\"url\":\"https:\/\/www.forum-systemaufstellungen.at\/veranstaltungen\/oefs-veranstaltungen-aktuell\/\",\"name\":\"\u00d6fS VERANSTALTUNGEN AKTUELL - \u00d6fS Veranstaltungen\",\"isPartOf\":{\"@id\":\"https:\/\/www.forum-systemaufstellungen.at\/veranstaltungen\/#website\"},\"datePublished\":\"2018-10-22T16:22:15+00:00\",\"dateModified\":\"2022-06-14T18:10:15+00:00\",\"breadcrumb\":{\"@id\":\"https:\/\/www.forum-systemaufstellungen.at\/veranstaltungen\/oefs-veranstaltungen-aktuell\/#breadcrumb\"},\"inLanguage\":\"de\",\"potentialAction\":[{\"@type\":\"ReadAction\",\"target\":[\"https:\/\/www.forum-systemaufstellungen.at\/veranstaltungen\/oefs-veranstaltungen-aktuell\/\"]}]},{\"@type\":\"BreadcrumbList\",\"@id\":\"https:\/\/www.forum-systemaufstellungen.at\/veranstaltungen\/oefs-veranstaltungen-aktuell\/#breadcrumb\",\"itemListElement\":[{\"@type\":\"ListItem\",\"position\":1,\"name\":\"Startseite\",\"item\":\"https:\/\/www.forum-systemaufstellungen.at\/veranstaltungen\/\"},{\"@type\":\"ListItem\",\"position\":2,\"name\":\"\u00d6fS VERANSTALTUNGEN AKTUELL\"}]},{\"@type\":\"WebSite\",\"@id\":\"https:\/\/www.forum-systemaufstellungen.at\/veranstaltungen\/#website\",\"url\":\"https:\/\/www.forum-systemaufstellungen.at\/veranstaltungen\/\",\"name\":\"\u00d6fS Veranstaltungen\",\"description\":\"systemische Aufstellungsarbeit\",\"potentialAction\":[{\"@type\":\"SearchAction\",\"target\":{\"@type\":\"EntryPoint\",\"urlTemplate\":\"https:\/\/www.forum-systemaufstellungen.at\/veranstaltungen\/?s={search_term_string}\"},\"query-input\":{\"@type\":\"PropertyValueSpecification\",\"valueRequired\":true,\"valueName\":\"search_term_string\"}}],\"inLanguage\":\"de\"}]}<\/script>\n<!-- \/ Yoast SEO plugin. -->","yoast_head_json":{"title":"\u00d6fS VERANSTALTUNGEN AKTUELL - \u00d6fS Veranstaltungen","robots":{"index":"index","follow":"follow","max-snippet":"max-snippet:-1","max-image-preview":"max-image-preview:large","max-video-preview":"max-video-preview:-1"},"canonical":"https:\/\/www.forum-systemaufstellungen.at\/veranstaltungen\/oefs-veranstaltungen-aktuell\/","og_locale":"de_DE","og_type":"article","og_title":"\u00d6fS VERANSTALTUNGEN AKTUELL - \u00d6fS Veranstaltungen","og_description":"AKTUELLE Veranstaltungen des \u00d6fS Im Sinne der Qualit\u00e4tssicherung in der systemischen Aufstellungsarbeit hat es sich das \u00d6fS zum Ziel gesetzt, [&hellip;]","og_url":"https:\/\/www.forum-systemaufstellungen.at\/veranstaltungen\/oefs-veranstaltungen-aktuell\/","og_site_name":"\u00d6fS Veranstaltungen","article_modified_time":"2022-06-14T18:10:15+00:00","twitter_card":"summary_large_image","twitter_misc":{"Gesch\u00e4tzte Lesezeit":"2\u00a0Minuten"},"schema":{"@context":"https:\/\/schema.org","@graph":[{"@type":"WebPage","@id":"https:\/\/www.forum-systemaufstellungen.at\/veranstaltungen\/oefs-veranstaltungen-aktuell\/","url":"https:\/\/www.forum-systemaufstellungen.at\/veranstaltungen\/oefs-veranstaltungen-aktuell\/","name":"\u00d6fS VERANSTALTUNGEN AKTUELL - \u00d6fS Veranstaltungen","isPartOf":{"@id":"https:\/\/www.forum-systemaufstellungen.at\/veranstaltungen\/#website"},"datePublished":"2018-10-22T16:22:15+00:00","dateModified":"2022-06-14T18:10:15+00:00","breadcrumb":{"@id":"https:\/\/www.forum-systemaufstellungen.at\/veranstaltungen\/oefs-veranstaltungen-aktuell\/#breadcrumb"},"inLanguage":"de","potentialAction":[{"@type":"ReadAction","target":["https:\/\/www.forum-systemaufstellungen.at\/veranstaltungen\/oefs-veranstaltungen-aktuell\/"]}]},{"@type":"BreadcrumbList","@id":"https:\/\/www.forum-systemaufstellungen.at\/veranstaltungen\/oefs-veranstaltungen-aktuell\/#breadcrumb","itemListElement":[{"@type":"ListItem","position":1,"name":"Startseite","item":"https:\/\/www.forum-systemaufstellungen.at\/veranstaltungen\/"},{"@type":"ListItem","position":2,"name":"\u00d6fS VERANSTALTUNGEN AKTUELL"}]},{"@type":"WebSite","@id":"https:\/\/www.forum-systemaufstellungen.at\/veranstaltungen\/#website","url":"https:\/\/www.forum-systemaufstellungen.at\/veranstaltungen\/","name":"\u00d6fS Veranstaltungen","description":"systemische Aufstellungsarbeit","potentialAction":[{"@type":"SearchAction","target":{"@type":"EntryPoint","urlTemplate":"https:\/\/www.forum-systemaufstellungen.at\/veranstaltungen\/?s={search_term_string}"},"query-input":{"@type":"PropertyValueSpecification","valueRequired":true,"valueName":"search_term_string"}}],"inLanguage":"de"}]}},"_links":{"self":[{"href":"https:\/\/www.forum-systemaufstellungen.at\/veranstaltungen\/wp-json\/wp\/v2\/pages\/51","targetHints":{"allow":["GET"]}}],"collection":[{"href":"https:\/\/www.forum-systemaufstellungen.at\/veranstaltungen\/wp-json\/wp\/v2\/pages"}],"about":[{"href":"https:\/\/www.forum-systemaufstellungen.at\/veranstaltungen\/wp-json\/wp\/v2\/types\/page"}],"author":[{"embeddable":true,"href":"https:\/\/www.forum-systemaufstellungen.at\/veranstaltungen\/wp-json\/wp\/v2\/users\/2"}],"replies":[{"embeddable":true,"href":"https:\/\/www.forum-systemaufstellungen.at\/veranstaltungen\/wp-json\/wp\/v2\/comments?post=51"}],"version-history":[{"count":0,"href":"https:\/\/www.forum-systemaufstellungen.at\/veranstaltungen\/wp-json\/wp\/v2\/pages\/51\/revisions"}],"wp:attachment":[{"href":"https:\/\/www.forum-systemaufstellungen.at\/veranstaltungen\/wp-json\/wp\/v2\/media?parent=51"}],"curies":[{"name":"wp","href":"https:\/\/api.w.org\/{rel}","templated":true}]}}