{"id":58,"date":"2018-10-22T18:28:15","date_gmt":"2018-10-22T16:28:15","guid":{"rendered":"https:\/\/www.forum-systemaufstellungen.at\/veranstaltungen\/?page_id=58"},"modified":"2021-09-09T12:17:38","modified_gmt":"2021-09-09T10:17:38","slug":"oefs-veranstaltungen-rueckblick","status":"publish","type":"page","link":"https:\/\/www.forum-systemaufstellungen.at\/veranstaltungen\/oefs-veranstaltungen-rueckblick\/","title":{"rendered":"\u00d6fS VERANSTALTUNGEN ARCHIV"},"content":{"rendered":"<p>[et_pb_section fb_built=&#8220;1&#8243; _builder_version=&#8220;3.22&#8243; custom_margin=&#8220;0px|||&#8220; custom_padding=&#8220;0px|||&#8220; hover_enabled=&#8220;0&#8243; border_color_all=&#8220;#ffffff&#8220; collapsed=&#8220;off&#8220; global_colors_info=&#8220;{}&#8220; sticky_enabled=&#8220;0&#8243;][et_pb_row _builder_version=&#8220;3.25&#8243; hover_enabled=&#8220;0&#8243; border_color_all=&#8220;#ffffff&#8220; global_colors_info=&#8220;{}&#8220; sticky_enabled=&#8220;0&#8243;][et_pb_column type=&#8220;4_4&#8243; _builder_version=&#8220;3.25&#8243; custom_padding=&#8220;|||&#8220; global_colors_info=&#8220;{}&#8220; custom_padding__hover=&#8220;|||&#8220;][et_pb_image src=&#8220;https:\/\/www.forum-systemaufstellungen.at\/veranstaltungen\/wp-content\/uploads\/2018\/10\/oefs_bild_veranstaltungen.jpg&#8220; align_tablet=&#8220;center&#8220; align_phone=&#8220;&#8220; align_last_edited=&#8220;on|desktop&#8220; _builder_version=&#8220;3.23&#8243; global_colors_info=&#8220;{}&#8220;][\/et_pb_image][\/et_pb_column][\/et_pb_row][et_pb_row column_structure=&#8220;1_3,2_3&#8243; _builder_version=&#8220;3.25&#8243; background_size=&#8220;initial&#8220; background_position=&#8220;top_left&#8220; background_repeat=&#8220;repeat&#8220; hover_enabled=&#8220;0&#8243; collapsed=&#8220;off&#8220; global_colors_info=&#8220;{}&#8220; sticky_enabled=&#8220;0&#8243;][et_pb_column type=&#8220;1_3&#8243; _builder_version=&#8220;3.25&#8243; custom_padding=&#8220;|||&#8220; global_colors_info=&#8220;{}&#8220; custom_padding__hover=&#8220;|||&#8220;][et_pb_image src=&#8220;https:\/\/www.forum-systemaufstellungen.at\/veranstaltungen\/wp-content\/uploads\/2018\/10\/oefs_veranstaltungen_rueckblick.jpg&#8220; _builder_version=&#8220;3.23&#8243; always_center_on_mobile=&#8220;off&#8220; global_colors_info=&#8220;{}&#8220;][\/et_pb_image][\/et_pb_column][et_pb_column type=&#8220;2_3&#8243; _builder_version=&#8220;3.25&#8243; custom_padding=&#8220;|||&#8220; global_colors_info=&#8220;{}&#8220; custom_padding__hover=&#8220;|||&#8220;][et_pb_text admin_label=&#8220;Text&#8220; _builder_version=&#8220;4.10.5&#8243; hover_enabled=&#8220;0&#8243; global_colors_info=&#8220;{}&#8220; sticky_enabled=&#8220;0&#8243;]<\/p>\n<h1>\u00d6fS Veranstaltungsarchiv<\/h1>\n<p><strong>Hier finden Sie eine Auswahl an <span style=\"color: #e20613;\">\u00d6fS<\/span>-Veranstaltungen der vergangenen Jahre. Programme, Zusammenfassungen und Berichte sollen ein lebendiges Bild unseres reichhaltigen Angebots bieten.\u00a0<\/strong><\/p>\n<p>[\/et_pb_text][et_pb_blog include_categories=&#8220;9&#8243; show_author=&#8220;off&#8220; show_date=&#8220;off&#8220; _builder_version=&#8220;3.17.2&#8243; hover_enabled=&#8220;0&#8243; global_colors_info=&#8220;{}&#8220; sticky_enabled=&#8220;0&#8243;][\/et_pb_blog][\/et_pb_column][\/et_pb_row][\/et_pb_section]<\/p>\n","protected":false},"excerpt":{"rendered":"<p>\u00d6fS Veranstaltungsarchiv Hier finden Sie eine Auswahl an \u00d6fS-Veranstaltungen der vergangenen Jahre. Programme, Zusammenfassungen und Berichte sollen ein lebendiges Bild [&hellip;]<\/p>\n","protected":false},"author":2,"featured_media":0,"parent":0,"menu_order":0,"comment_status":"closed","ping_status":"closed","template":"","meta":{"_et_pb_use_builder":"on","_et_pb_old_content":"","_et_gb_content_width":"","footnotes":""},"class_list":["post-58","page","type-page","status-publish","hentry"],"yoast_head":"<!-- This site is optimized with the Yoast SEO plugin v26.9 - https:\/\/yoast.com\/product\/yoast-seo-wordpress\/ -->\n<title>\u00d6fS VERANSTALTUNGEN ARCHIV - \u00d6fS Veranstaltungen<\/title>\n<meta name=\"robots\" content=\"index, follow, max-snippet:-1, max-image-preview:large, max-video-preview:-1\" \/>\n<link rel=\"canonical\" href=\"https:\/\/www.forum-systemaufstellungen.at\/veranstaltungen\/oefs-veranstaltungen-rueckblick\/\" \/>\n<meta property=\"og:locale\" content=\"de_DE\" \/>\n<meta property=\"og:type\" content=\"article\" \/>\n<meta property=\"og:title\" content=\"\u00d6fS VERANSTALTUNGEN ARCHIV - \u00d6fS Veranstaltungen\" \/>\n<meta property=\"og:description\" content=\"\u00d6fS Veranstaltungsarchiv Hier finden Sie eine Auswahl an \u00d6fS-Veranstaltungen der vergangenen Jahre. Programme, Zusammenfassungen und Berichte sollen ein lebendiges Bild [&hellip;]\" \/>\n<meta property=\"og:url\" content=\"https:\/\/www.forum-systemaufstellungen.at\/veranstaltungen\/oefs-veranstaltungen-rueckblick\/\" \/>\n<meta property=\"og:site_name\" content=\"\u00d6fS Veranstaltungen\" \/>\n<meta property=\"article:modified_time\" content=\"2021-09-09T10:17:38+00:00\" \/>\n<meta name=\"twitter:card\" content=\"summary_large_image\" \/>\n<meta name=\"twitter:label1\" content=\"Gesch\u00e4tzte Lesezeit\" \/>\n\t<meta name=\"twitter:data1\" content=\"1\u00a0Minute\" \/>\n<script type=\"application\/ld+json\" class=\"yoast-schema-graph\">{\"@context\":\"https:\/\/schema.org\",\"@graph\":[{\"@type\":\"WebPage\",\"@id\":\"https:\/\/www.forum-systemaufstellungen.at\/veranstaltungen\/oefs-veranstaltungen-rueckblick\/\",\"url\":\"https:\/\/www.forum-systemaufstellungen.at\/veranstaltungen\/oefs-veranstaltungen-rueckblick\/\",\"name\":\"\u00d6fS VERANSTALTUNGEN ARCHIV - \u00d6fS Veranstaltungen\",\"isPartOf\":{\"@id\":\"https:\/\/www.forum-systemaufstellungen.at\/veranstaltungen\/#website\"},\"datePublished\":\"2018-10-22T16:28:15+00:00\",\"dateModified\":\"2021-09-09T10:17:38+00:00\",\"breadcrumb\":{\"@id\":\"https:\/\/www.forum-systemaufstellungen.at\/veranstaltungen\/oefs-veranstaltungen-rueckblick\/#breadcrumb\"},\"inLanguage\":\"de\",\"potentialAction\":[{\"@type\":\"ReadAction\",\"target\":[\"https:\/\/www.forum-systemaufstellungen.at\/veranstaltungen\/oefs-veranstaltungen-rueckblick\/\"]}]},{\"@type\":\"BreadcrumbList\",\"@id\":\"https:\/\/www.forum-systemaufstellungen.at\/veranstaltungen\/oefs-veranstaltungen-rueckblick\/#breadcrumb\",\"itemListElement\":[{\"@type\":\"ListItem\",\"position\":1,\"name\":\"Startseite\",\"item\":\"https:\/\/www.forum-systemaufstellungen.at\/veranstaltungen\/\"},{\"@type\":\"ListItem\",\"position\":2,\"name\":\"\u00d6fS VERANSTALTUNGEN ARCHIV\"}]},{\"@type\":\"WebSite\",\"@id\":\"https:\/\/www.forum-systemaufstellungen.at\/veranstaltungen\/#website\",\"url\":\"https:\/\/www.forum-systemaufstellungen.at\/veranstaltungen\/\",\"name\":\"\u00d6fS Veranstaltungen\",\"description\":\"systemische Aufstellungsarbeit\",\"potentialAction\":[{\"@type\":\"SearchAction\",\"target\":{\"@type\":\"EntryPoint\",\"urlTemplate\":\"https:\/\/www.forum-systemaufstellungen.at\/veranstaltungen\/?s={search_term_string}\"},\"query-input\":{\"@type\":\"PropertyValueSpecification\",\"valueRequired\":true,\"valueName\":\"search_term_string\"}}],\"inLanguage\":\"de\"}]}<\/script>\n<!-- \/ Yoast SEO plugin. -->","yoast_head_json":{"title":"\u00d6fS VERANSTALTUNGEN ARCHIV - \u00d6fS Veranstaltungen","robots":{"index":"index","follow":"follow","max-snippet":"max-snippet:-1","max-image-preview":"max-image-preview:large","max-video-preview":"max-video-preview:-1"},"canonical":"https:\/\/www.forum-systemaufstellungen.at\/veranstaltungen\/oefs-veranstaltungen-rueckblick\/","og_locale":"de_DE","og_type":"article","og_title":"\u00d6fS VERANSTALTUNGEN ARCHIV - \u00d6fS Veranstaltungen","og_description":"\u00d6fS Veranstaltungsarchiv Hier finden Sie eine Auswahl an \u00d6fS-Veranstaltungen der vergangenen Jahre. Programme, Zusammenfassungen und Berichte sollen ein lebendiges Bild [&hellip;]","og_url":"https:\/\/www.forum-systemaufstellungen.at\/veranstaltungen\/oefs-veranstaltungen-rueckblick\/","og_site_name":"\u00d6fS Veranstaltungen","article_modified_time":"2021-09-09T10:17:38+00:00","twitter_card":"summary_large_image","twitter_misc":{"Gesch\u00e4tzte Lesezeit":"1\u00a0Minute"},"schema":{"@context":"https:\/\/schema.org","@graph":[{"@type":"WebPage","@id":"https:\/\/www.forum-systemaufstellungen.at\/veranstaltungen\/oefs-veranstaltungen-rueckblick\/","url":"https:\/\/www.forum-systemaufstellungen.at\/veranstaltungen\/oefs-veranstaltungen-rueckblick\/","name":"\u00d6fS VERANSTALTUNGEN ARCHIV - \u00d6fS Veranstaltungen","isPartOf":{"@id":"https:\/\/www.forum-systemaufstellungen.at\/veranstaltungen\/#website"},"datePublished":"2018-10-22T16:28:15+00:00","dateModified":"2021-09-09T10:17:38+00:00","breadcrumb":{"@id":"https:\/\/www.forum-systemaufstellungen.at\/veranstaltungen\/oefs-veranstaltungen-rueckblick\/#breadcrumb"},"inLanguage":"de","potentialAction":[{"@type":"ReadAction","target":["https:\/\/www.forum-systemaufstellungen.at\/veranstaltungen\/oefs-veranstaltungen-rueckblick\/"]}]},{"@type":"BreadcrumbList","@id":"https:\/\/www.forum-systemaufstellungen.at\/veranstaltungen\/oefs-veranstaltungen-rueckblick\/#breadcrumb","itemListElement":[{"@type":"ListItem","position":1,"name":"Startseite","item":"https:\/\/www.forum-systemaufstellungen.at\/veranstaltungen\/"},{"@type":"ListItem","position":2,"name":"\u00d6fS VERANSTALTUNGEN ARCHIV"}]},{"@type":"WebSite","@id":"https:\/\/www.forum-systemaufstellungen.at\/veranstaltungen\/#website","url":"https:\/\/www.forum-systemaufstellungen.at\/veranstaltungen\/","name":"\u00d6fS Veranstaltungen","description":"systemische Aufstellungsarbeit","potentialAction":[{"@type":"SearchAction","target":{"@type":"EntryPoint","urlTemplate":"https:\/\/www.forum-systemaufstellungen.at\/veranstaltungen\/?s={search_term_string}"},"query-input":{"@type":"PropertyValueSpecification","valueRequired":true,"valueName":"search_term_string"}}],"inLanguage":"de"}]}},"_links":{"self":[{"href":"https:\/\/www.forum-systemaufstellungen.at\/veranstaltungen\/wp-json\/wp\/v2\/pages\/58","targetHints":{"allow":["GET"]}}],"collection":[{"href":"https:\/\/www.forum-systemaufstellungen.at\/veranstaltungen\/wp-json\/wp\/v2\/pages"}],"about":[{"href":"https:\/\/www.forum-systemaufstellungen.at\/veranstaltungen\/wp-json\/wp\/v2\/types\/page"}],"author":[{"embeddable":true,"href":"https:\/\/www.forum-systemaufstellungen.at\/veranstaltungen\/wp-json\/wp\/v2\/users\/2"}],"replies":[{"embeddable":true,"href":"https:\/\/www.forum-systemaufstellungen.at\/veranstaltungen\/wp-json\/wp\/v2\/comments?post=58"}],"version-history":[{"count":0,"href":"https:\/\/www.forum-systemaufstellungen.at\/veranstaltungen\/wp-json\/wp\/v2\/pages\/58\/revisions"}],"wp:attachment":[{"href":"https:\/\/www.forum-systemaufstellungen.at\/veranstaltungen\/wp-json\/wp\/v2\/media?parent=58"}],"curies":[{"name":"wp","href":"https:\/\/api.w.org\/{rel}","templated":true}]}}