{"id":67,"date":"2018-10-22T18:36:00","date_gmt":"2018-10-22T16:36:00","guid":{"rendered":"https:\/\/www.forum-systemaufstellungen.at\/veranstaltungen\/?page_id=67"},"modified":"2025-12-09T11:25:09","modified_gmt":"2025-12-09T10:25:09","slug":"fortbildungen","status":"publish","type":"page","link":"https:\/\/www.forum-systemaufstellungen.at\/veranstaltungen\/fortbildungen\/","title":{"rendered":"FORTBILDUNGEN"},"content":{"rendered":"<p>[et_pb_section fb_built=&#8220;1&#8243; _builder_version=&#8220;4.16&#8243; custom_margin=&#8220;||||false|false&#8220; custom_padding=&#8220;||||false|false&#8220; border_color_all=&#8220;#ffffff&#8220; global_colors_info=&#8220;{}&#8220;][et_pb_row column_structure=&#8220;2_3,1_3&#8243; _builder_version=&#8220;4.16&#8243; background_size=&#8220;initial&#8220; background_position=&#8220;top_left&#8220; background_repeat=&#8220;repeat&#8220; global_colors_info=&#8220;{}&#8220;][et_pb_column type=&#8220;2_3&#8243; _builder_version=&#8220;4.16&#8243; custom_padding=&#8220;|||&#8220; global_colors_info=&#8220;{}&#8220; custom_padding__hover=&#8220;|||&#8220;][et_pb_post_title meta=&#8220;off&#8220; featured_image=&#8220;off&#8220; _builder_version=&#8220;4.16&#8243; _module_preset=&#8220;default&#8220; title_font_size=&#8220;30px&#8220; title_line_height=&#8220;1.1em&#8220; custom_margin=&#8220;||||false|false&#8220; global_colors_info=&#8220;{}&#8220;][\/et_pb_post_title][et_pb_text _builder_version=&#8220;4.16&#8243; global_colors_info=&#8220;{}&#8220;]<\/p>\n<p>Die hier angef\u00fchrten Weiterbildungsangebote sind vom \u00d6fS zertifiziert. Das bedeutet, dass die Curricula die umfassenden \u00d6fS-Qualit\u00e4tsstandards f\u00fcr Weiterbildungsangebote in der Systemaufstellungsarbeit erf\u00fcllen.<\/p>\n<p>Weiters sind mindestens zwei Lehrende jedes Lehrgangs vom \u00d6fS als WeiterbildnerInnen anerkannt und werden als solche in der <a href=\"https:\/\/www.forum-systemaufstellungen.at\/aufstellerinnen\/\" target=\"_blank\" rel=\"noopener noreferrer\">Liste der zertifizierten AufstellerInnen<\/a> gef\u00fchrt.<\/p>\n<p>[\/et_pb_text][\/et_pb_column][et_pb_column type=&#8220;1_3&#8243; _builder_version=&#8220;4.16&#8243; custom_padding=&#8220;|||&#8220; global_colors_info=&#8220;{}&#8220; custom_padding__hover=&#8220;|||&#8220;][\/et_pb_column][\/et_pb_row][et_pb_row _builder_version=&#8220;4.16&#8243; background_size=&#8220;initial&#8220; background_position=&#8220;top_left&#8220; background_repeat=&#8220;repeat&#8220; global_colors_info=&#8220;{}&#8220;][et_pb_column type=&#8220;4_4&#8243; _builder_version=&#8220;4.16&#8243; custom_padding=&#8220;|||&#8220; global_colors_info=&#8220;{}&#8220; custom_padding__hover=&#8220;|||&#8220;][et_pb_accordion _builder_version=&#8220;4.27.4&#8243; hover_enabled=&#8220;0&#8243; global_colors_info=&#8220;{}&#8220; sticky_enabled=&#8220;0&#8243;][et_pb_accordion_item title=&#8220;LernRaum Systemaufstellungen dialogisch begleiten&#8220; open=&#8220;on&#8220; _builder_version=&#8220;4.27.4&#8243; link_option_url_new_window=&#8220;on&#8220; hover_enabled=&#8220;0&#8243; global_colors_info=&#8220;{}&#8220; sticky_enabled=&#8220;0&#8243;]<\/p>\n\n\t\t\t<div class='et-tabs-container et_sliderfx_fade et_sliderauto_false et_sliderauto_speed_5000 et_slidertype_top_tabs'>\n\t\t\t\t<ul class='et-tabs-control'>\n\t\t\t<li><a href='#'>\n\t\t\tLeitung\n\t\t<\/a><\/li>\n\t\t<li><a href='#'>\n\t\t\tInhalt\n\t\t<\/a><\/li>\n\t\t<li><a href='#'>\n\t\t\tVeranstalter\n\t\t<\/a><\/li>\n\t\t<li><a href='#'>\n\t\t\tKontakt\n\t\t<\/a><\/li>\n\t\t<li><a href='#'>\n\t\t\tAdresse\n\t\t<\/a><\/li>\n\t\t<li><a href='#'>\n\t\t\tDauer\n\t\t<\/a><\/li>\n\t\t<li><a href='#'>\n\t\t\tZiel\n\t\t<\/a><\/li>\n\t\t<li><a href='#'>\n\t\t\tZielgruppe\n\t\t<\/a><\/li>\n\t\t<li><a href='#'>\n\t\t\tBeschreibung\n\t\t<\/a><\/li>\n\t\t<li><a href='#'>\n\t\t\tDownload\n\t\t<\/a><\/li>\n\t\t<\/ul> \n\t\t<div class='et-tabs-content'>\n\t\t\t<div class='et-tabs-content-main-wrap'>\n\t\t\t\t<div class='et-tabs-content-wrapper'>\n\t\t\t\t\t<div class='et_slidecontent'>\n\t\t\tEelco de Geus, Karin Sch\u00f6ber, Christine Blumenstein-Essen\n\t\t<\/div>\n\t\t<div class='et_slidecontent'>\n\t\t\tFamilien- &amp; Strukturaufstellungen begleiten lernen, dialogische Haltung als BegleiterIn vertiefen\n\t\t<\/div> \n\t\t<div class='et_slidecontent'>\n\t\t\t<a href=\"https:\/\/www.dialogakademie.eu\/\" target=\"_blank\" rel=\"noopener noreferrer\">Dialogakademie<\/a> Kapelari &amp; De Geus O.G.\n\t\t<\/div> \n\t\t<div class='et_slidecontent'>\n\t\t\tMobil: + 43 680 444 96 56 (Eelco de Geus)<\/p>\n<p>Mail:<a href=\"mailto:info@dialogakademie.eu\"> info@dialogakademie.eu <\/a><\/p>\n<p>Web: <a href=\"http:\/\/www.dialogakademie.eu\/angebot\/systemisch-dialogische-aufstellungsarbeit\/\" target=\"_blank\" rel=\"noopener noreferrer\">www.dialogakademie.eu\/angebot\/systemisch-dialogische-aufstellungsarbeit\/ <\/a><\/p>\n\t\t<\/div> \n\t\t<div class='et_slidecontent'>\n\t\t\tTRaum14, Hauptstra\u00dfe 29, 1140 Wien und Klein Meran, Kaiserbrunnstrasse 6, 3021 Pressbaum\n\t\t<\/div> \n\t\t<div class='et_slidecontent'>\n\t\t\t14 Monate, 9 Module, 27 Tage &#8211; Start Mai 2026\n\t\t<\/div> \n\t\t<div class='et_slidecontent'>\n\t\t\tSie erlernen das Handwerk der systemischen Aufstellung von internationalen AusbildnerInnen mit jahrzehntelanger Erfahrung. Sie entwickeln Ihre F\u00e4higkeit, systemische Aufstellungen in unterschiedlichen Kontexten professionell und kompetent einzusetzen. Sie erfahren den dialogisch-konstruktivistischen Ansatz als Haltung und Leitfaden bei Ihrer Begleitung. Sie vertiefen Ihre systemisch-ph\u00e4nomenologische Wahrnehmung. Sie n\u00fctzen Gleichwertigkeit, Offenheit und Transparenz als wichtige Ressourcen f\u00fcr Ihre pers\u00f6nliche Entwicklung und die Begleitung der Entwicklung anderer. Sie begleiten Aufstellungen auf eine Weise, die Beziehungsqualit\u00e4t st\u00e4rkt und gemeinsames Wahrnehmen und Um-Denken erm\u00f6glicht.\n\t\t<\/div> \n\t\t<div class='et_slidecontent'>\n\t\t\tDiese Aus- und Weiterbildung richtet sich an Menschen, die im Bereich Training, Coaching, Therapie, Beratung, P\u00e4dagogik oder Supervision arbeiten und systemische Aufstellungsarbeit integrieren m\u00f6chten ihre systemische Wahrnehmung sch\u00e4rfen und ihre dialogische Haltung vertiefen m\u00f6chten sich bereits mit systemischer Aufstellungsarbeit auseinandergesetzt haben und neue Stile und Ans\u00e4tze integrieren m\u00f6chten weitere Erfahrung in der Aufstellungsarbeit sammeln m\u00f6chten\n\t\t<\/div> \n\t\t<div class='et_slidecontent'>\n\t\t\tDieser LernRaum vermittelt eine fundierte Basis f\u00fcr die Begleitung von systemischen Aufstellungen im pers\u00f6nlichen und famili\u00e4ren Bereich. Durch den dialogischen Ansatz legen wir besonderen Wert auf Gleichwertigkeit, Achtsamkeit und Pr\u00e4senz im gemeinsamen Prozess zwischen BegleiterIn, KlientIn und Gruppe. Das erm\u00f6glicht Ihnen als TeilnehmerIn auf unterschiedliche Art und auf verschiedenen Ebenen zu reflektieren. Sie sammeln Bausteine und Erkenntnisse f\u00fcr Ihre eigene Aufstellungsarbeit und lernen von internationalen Experten.\n\t\t<\/div> \n\t\t<div class='et_slidecontent'>\n\t\t\t<a href=\"https:\/\/www.dialogakademie.eu\/wp-content\/uploads\/2025\/09\/2025-09-10-folder-sdb-2026-2027.pdf\" target=\"_blank\" rel=\"noopener\">Download Folder<\/a>\n\t\t<\/div>\n\t\t\t\t<\/div>\n\t\t\t<\/div>\n\t\t<\/div>\n\t\t\t<\/div>\n<p>[\/et_pb_accordion_item][et_pb_accordion_item title=&#8220;Fortbildung in Dialogisch-Systemischer Aufstellungs- und Rekonstruktionsarbeit (DsA)&#8220; _builder_version=&#8220;4.25.1&#8243; global_colors_info=&#8220;{}&#8220; open=&#8220;off&#8220;]<\/p>\n\n\t\t\t<div class='et-tabs-container et_sliderfx_fade et_sliderauto_false et_sliderauto_speed_5000 et_slidertype_top_tabs'>\n\t\t\t\t<ul class='et-tabs-control'>\n\t\t\t<li><a href='#'>\n\t\t\tLeitung\n\t\t<\/a><\/li>\n\t\t<li><a href='#'>\n\t\t\tInhalt\n\t\t<\/a><\/li>\n\t\t<li><a href='#'>\n\t\t\tVeranstalter\n\t\t<\/a><\/li>\n\t\t<li><a href='#'>\n\t\t\tKontakt\n\t\t<\/a><\/li>\n\t\t<li><a href='#'>\n\t\t\tAdresse\n\t\t<\/a><\/li>\n\t\t<li><a href='#'>\n\t\t\tDauer\n\t\t<\/a><\/li>\n\t\t<li><a href='#'>\n\t\t\tZiel\n\t\t<\/a><\/li>\n\t\t<li><a href='#'>\n\t\t\tZielgruppe\n\t\t<\/a><\/li>\n\t\t<li><a href='#'>\n\t\t\tBeschreibung\n\t\t<\/a><\/li>\n\t\t<li><a href='#'>\n\t\t\tDownload\n\t\t<\/a><\/li>\n\t\t<\/ul> \n\t\t<div class='et-tabs-content'>\n\t\t\t<div class='et-tabs-content-main-wrap'>\n\t\t\t\t<div class='et-tabs-content-wrapper'>\n\t\t\t\t\t<div class='et_slidecontent'>\n\t\t\tChristine Blumenstein-Essen, Friederike Fink, Guni Leila Baxa, Eelco de Geus\n\t\t<\/div>\n\t\t<div class='et_slidecontent'>\n\t\t\tFamilien-, Struktur &amp; Organisationsaufstellungen\n\t\t<\/div> \n\t\t<div class='et_slidecontent'>\n\t\t\tInstitut APSYS KG\n\t\t<\/div> \n\t\t<div class='et_slidecontent'>\n\t\t\tTel: +43 316 325 291<\/p>\n<p>Mail: <a href=\"mailto:office@apsys.org\">office@apsys.org<\/a><\/p>\n<p>Web:\u00a0<a href=\"https:\/\/apsys.org\">http:\/\/www.apsys.org<\/a><\/p>\n\t\t<\/div> \n\t\t<div class='et_slidecontent'>\n\t\t\tSemriach bei Graz\n\t\t<\/div> \n\t\t<div class='et_slidecontent'>\n\t\t\tOktober 2024 &#8211; September 2025\n\t\t<\/div> \n\t\t<div class='et_slidecontent'>\n\t\t\tDie Fortbildung bietet Gelegenheit, sich mit den Grundlagen und Annahmen der Dialogisch-Systemischen Aufstellungs- und Rekonstruktionsarbeit vertraut zu machen und sie so anzuwenden, dass sie in die verschiedenen T\u00e4tigkeitsbereiche der TeilnehmerInnen integriert werden kann. Dabei wird sowohl in das Stellen sozialer Systeme (Familien, Organisationen, &#8230;) eingef\u00fchrt, als auch in das Stellen mentaler, psychischer und transpersonaler Systeme. Die Weiterbildung soll den TeilnehmerInnen erm\u00f6glichen, Systemaufstellungen in ihren Arbeitskontexten und in unterschiedlichen Settings (Einzel-, Paar-, Team-, Gruppensetting) einzusetzen.\n\t\t<\/div> \n\t\t<div class='et_slidecontent'>\n\t\t\tPsychotherapeut*innen, \u00c4rzt*innen f\u00fcr psychotherapeutische Medizin, Supervisor*innen und Coaches, Lebensberater*innen, Organisationsberater*innen, Mediator*innen, P\u00e4dagog*innen mit therapeutischer Zusatzqualifikation (Gestaltp\u00e4dagogik, Systemische P\u00e4dagogik, &#8230;).\n\t\t<\/div> \n\t\t<div class='et_slidecontent'>\n\t\t\tAufstellungsarbeit sehen wir als ein szenisches Verfahren, das sich ausgehend von Jakob Moreno (Psychodrama) \u00fcber verschiedene Stationen und Einfl\u00fcsse entwickelt hat. Wir f\u00fchren in der Weiterbildung Ans\u00e4tze von Virginia Satir, Bert Hellinger, Insa Sparrer und Mathias Varga von Kib\u00e9d, Siegfried Essen und eigene Entwicklungen zusammen. Hinzu kommen Konzepte und Vorgehensweisen der Systemisch-konstruktivistischen Familientherapie (insbesondere der Heidelberger Schule), der L\u00f6sungsfokussierten und der Narrativen Therapie. Ritualarbeit und die Aufmerksamkeit f\u00fcr den spirituellen Raum flie\u00dfen mit ein.\n\t\t<\/div> \n\t\t<div class='et_slidecontent'>\n\t\t\t<a href=\"https:\/\/apsys.org\/veranstaltungen\/fortbildung-in-dialogisch-systemischer-aufstellungs-und-rekonstruktionsarbeit-dsa\/\" target=\"_blank\" rel=\"noopener\">Link zur Veranstaltung<\/a>\n\t\t<\/div>\n\t\t\t\t<\/div>\n\t\t\t<\/div>\n\t\t<\/div>\n\t\t\t<\/div>\n<p>[\/et_pb_accordion_item][\/et_pb_accordion][\/et_pb_column][\/et_pb_row][\/et_pb_section]<\/p>\n","protected":false},"excerpt":{"rendered":"<p>Die hier angef\u00fchrten Weiterbildungsangebote sind vom \u00d6fS zertifiziert. Das bedeutet, dass die Curricula die umfassenden \u00d6fS-Qualit\u00e4tsstandards f\u00fcr Weiterbildungsangebote in der [&hellip;]<\/p>\n","protected":false},"author":2,"featured_media":0,"parent":0,"menu_order":0,"comment_status":"closed","ping_status":"closed","template":"","meta":{"_et_pb_use_builder":"on","_et_pb_old_content":"","_et_gb_content_width":"","footnotes":""},"class_list":["post-67","page","type-page","status-publish","hentry"],"yoast_head":"<!-- This site is optimized with the Yoast SEO plugin v26.9 - https:\/\/yoast.com\/product\/yoast-seo-wordpress\/ -->\n<title>FORTBILDUNGEN - \u00d6fS Veranstaltungen<\/title>\n<meta name=\"robots\" content=\"index, follow, max-snippet:-1, max-image-preview:large, max-video-preview:-1\" \/>\n<link rel=\"canonical\" href=\"https:\/\/www.forum-systemaufstellungen.at\/veranstaltungen\/fortbildungen\/\" \/>\n<meta property=\"og:locale\" content=\"de_DE\" \/>\n<meta property=\"og:type\" content=\"article\" \/>\n<meta property=\"og:title\" content=\"FORTBILDUNGEN - \u00d6fS Veranstaltungen\" \/>\n<meta property=\"og:description\" content=\"Die hier angef\u00fchrten Weiterbildungsangebote sind vom \u00d6fS zertifiziert. Das bedeutet, dass die Curricula die umfassenden \u00d6fS-Qualit\u00e4tsstandards f\u00fcr Weiterbildungsangebote in der [&hellip;]\" \/>\n<meta property=\"og:url\" content=\"https:\/\/www.forum-systemaufstellungen.at\/veranstaltungen\/fortbildungen\/\" \/>\n<meta property=\"og:site_name\" content=\"\u00d6fS Veranstaltungen\" \/>\n<meta property=\"article:modified_time\" content=\"2025-12-09T10:25:09+00:00\" \/>\n<meta name=\"twitter:card\" content=\"summary_large_image\" \/>\n<meta name=\"twitter:label1\" content=\"Gesch\u00e4tzte Lesezeit\" \/>\n\t<meta name=\"twitter:data1\" content=\"3\u00a0Minuten\" \/>\n<script type=\"application\/ld+json\" class=\"yoast-schema-graph\">{\"@context\":\"https:\/\/schema.org\",\"@graph\":[{\"@type\":\"WebPage\",\"@id\":\"https:\/\/www.forum-systemaufstellungen.at\/veranstaltungen\/fortbildungen\/\",\"url\":\"https:\/\/www.forum-systemaufstellungen.at\/veranstaltungen\/fortbildungen\/\",\"name\":\"FORTBILDUNGEN - \u00d6fS Veranstaltungen\",\"isPartOf\":{\"@id\":\"https:\/\/www.forum-systemaufstellungen.at\/veranstaltungen\/#website\"},\"datePublished\":\"2018-10-22T16:36:00+00:00\",\"dateModified\":\"2025-12-09T10:25:09+00:00\",\"breadcrumb\":{\"@id\":\"https:\/\/www.forum-systemaufstellungen.at\/veranstaltungen\/fortbildungen\/#breadcrumb\"},\"inLanguage\":\"de\",\"potentialAction\":[{\"@type\":\"ReadAction\",\"target\":[\"https:\/\/www.forum-systemaufstellungen.at\/veranstaltungen\/fortbildungen\/\"]}]},{\"@type\":\"BreadcrumbList\",\"@id\":\"https:\/\/www.forum-systemaufstellungen.at\/veranstaltungen\/fortbildungen\/#breadcrumb\",\"itemListElement\":[{\"@type\":\"ListItem\",\"position\":1,\"name\":\"Startseite\",\"item\":\"https:\/\/www.forum-systemaufstellungen.at\/veranstaltungen\/\"},{\"@type\":\"ListItem\",\"position\":2,\"name\":\"FORTBILDUNGEN\"}]},{\"@type\":\"WebSite\",\"@id\":\"https:\/\/www.forum-systemaufstellungen.at\/veranstaltungen\/#website\",\"url\":\"https:\/\/www.forum-systemaufstellungen.at\/veranstaltungen\/\",\"name\":\"\u00d6fS Veranstaltungen\",\"description\":\"systemische Aufstellungsarbeit\",\"potentialAction\":[{\"@type\":\"SearchAction\",\"target\":{\"@type\":\"EntryPoint\",\"urlTemplate\":\"https:\/\/www.forum-systemaufstellungen.at\/veranstaltungen\/?s={search_term_string}\"},\"query-input\":{\"@type\":\"PropertyValueSpecification\",\"valueRequired\":true,\"valueName\":\"search_term_string\"}}],\"inLanguage\":\"de\"}]}<\/script>\n<!-- \/ Yoast SEO plugin. -->","yoast_head_json":{"title":"FORTBILDUNGEN - \u00d6fS Veranstaltungen","robots":{"index":"index","follow":"follow","max-snippet":"max-snippet:-1","max-image-preview":"max-image-preview:large","max-video-preview":"max-video-preview:-1"},"canonical":"https:\/\/www.forum-systemaufstellungen.at\/veranstaltungen\/fortbildungen\/","og_locale":"de_DE","og_type":"article","og_title":"FORTBILDUNGEN - \u00d6fS Veranstaltungen","og_description":"Die hier angef\u00fchrten Weiterbildungsangebote sind vom \u00d6fS zertifiziert. Das bedeutet, dass die Curricula die umfassenden \u00d6fS-Qualit\u00e4tsstandards f\u00fcr Weiterbildungsangebote in der [&hellip;]","og_url":"https:\/\/www.forum-systemaufstellungen.at\/veranstaltungen\/fortbildungen\/","og_site_name":"\u00d6fS Veranstaltungen","article_modified_time":"2025-12-09T10:25:09+00:00","twitter_card":"summary_large_image","twitter_misc":{"Gesch\u00e4tzte Lesezeit":"3\u00a0Minuten"},"schema":{"@context":"https:\/\/schema.org","@graph":[{"@type":"WebPage","@id":"https:\/\/www.forum-systemaufstellungen.at\/veranstaltungen\/fortbildungen\/","url":"https:\/\/www.forum-systemaufstellungen.at\/veranstaltungen\/fortbildungen\/","name":"FORTBILDUNGEN - \u00d6fS Veranstaltungen","isPartOf":{"@id":"https:\/\/www.forum-systemaufstellungen.at\/veranstaltungen\/#website"},"datePublished":"2018-10-22T16:36:00+00:00","dateModified":"2025-12-09T10:25:09+00:00","breadcrumb":{"@id":"https:\/\/www.forum-systemaufstellungen.at\/veranstaltungen\/fortbildungen\/#breadcrumb"},"inLanguage":"de","potentialAction":[{"@type":"ReadAction","target":["https:\/\/www.forum-systemaufstellungen.at\/veranstaltungen\/fortbildungen\/"]}]},{"@type":"BreadcrumbList","@id":"https:\/\/www.forum-systemaufstellungen.at\/veranstaltungen\/fortbildungen\/#breadcrumb","itemListElement":[{"@type":"ListItem","position":1,"name":"Startseite","item":"https:\/\/www.forum-systemaufstellungen.at\/veranstaltungen\/"},{"@type":"ListItem","position":2,"name":"FORTBILDUNGEN"}]},{"@type":"WebSite","@id":"https:\/\/www.forum-systemaufstellungen.at\/veranstaltungen\/#website","url":"https:\/\/www.forum-systemaufstellungen.at\/veranstaltungen\/","name":"\u00d6fS Veranstaltungen","description":"systemische Aufstellungsarbeit","potentialAction":[{"@type":"SearchAction","target":{"@type":"EntryPoint","urlTemplate":"https:\/\/www.forum-systemaufstellungen.at\/veranstaltungen\/?s={search_term_string}"},"query-input":{"@type":"PropertyValueSpecification","valueRequired":true,"valueName":"search_term_string"}}],"inLanguage":"de"}]}},"_links":{"self":[{"href":"https:\/\/www.forum-systemaufstellungen.at\/veranstaltungen\/wp-json\/wp\/v2\/pages\/67","targetHints":{"allow":["GET"]}}],"collection":[{"href":"https:\/\/www.forum-systemaufstellungen.at\/veranstaltungen\/wp-json\/wp\/v2\/pages"}],"about":[{"href":"https:\/\/www.forum-systemaufstellungen.at\/veranstaltungen\/wp-json\/wp\/v2\/types\/page"}],"author":[{"embeddable":true,"href":"https:\/\/www.forum-systemaufstellungen.at\/veranstaltungen\/wp-json\/wp\/v2\/users\/2"}],"replies":[{"embeddable":true,"href":"https:\/\/www.forum-systemaufstellungen.at\/veranstaltungen\/wp-json\/wp\/v2\/comments?post=67"}],"version-history":[{"count":0,"href":"https:\/\/www.forum-systemaufstellungen.at\/veranstaltungen\/wp-json\/wp\/v2\/pages\/67\/revisions"}],"wp:attachment":[{"href":"https:\/\/www.forum-systemaufstellungen.at\/veranstaltungen\/wp-json\/wp\/v2\/media?parent=67"}],"curies":[{"name":"wp","href":"https:\/\/api.w.org\/{rel}","templated":true}]}}